{"id":697,"date":"2024-02-21T11:53:56","date_gmt":"2024-02-21T11:53:56","guid":{"rendered":"https:\/\/spilleautomater.cc\/ota-yhteytta\/"},"modified":"2024-02-26T10:08:24","modified_gmt":"2024-02-26T10:08:24","slug":"ota-yhteytta","status":"publish","type":"page","link":"https:\/\/spilleautomater.cc\/fi\/ota-yhteytta\/","title":{"rendered":"Ota yhteytt\u00e4"},"content":{"rendered":"\n<p>Tervetuloa osoitteeseen spilleautomater.cc &#8211; perimm\u00e4inen opas nettikolikkopeleihin. Ryhm\u00e4 innokkaita kasinopelaajia on perustanut meid\u00e4t, ja tavoitteenamme on jakaa intohimomme ja tiet\u00e4myksemme kolikkopeleist\u00e4 pelaajien kanssa ymp\u00e4ri Norjaa. Meill\u00e4 on vuosien kokemus sek\u00e4 pelaajina ett\u00e4 analyytikkoina kasinoalalta, joten olemme ker\u00e4nneet kaiken tarvittavan tiedon auttaaksemme sinua l\u00f6yt\u00e4m\u00e4\u00e4n parhaat, viihdytt\u00e4vimm\u00e4t ja kannattavimmat kolikkopelit, joita verkossa on saatavilla.<\/p>\n\n<p>Sivustomme on omistettu tarjoamaan sinulle puolueettomia arvosteluja, perusteellisia pelioppaita ja uusimpia uutisia kasinomaailmasta. Uskomme, ett\u00e4 laatu on t\u00e4rke\u00e4mp\u00e4\u00e4 kuin m\u00e4\u00e4r\u00e4, ja valitsemme tarkkaan tarkastelemamme l\u00e4ht\u00f6- ja saapumisajat varmistaaksemme, ett\u00e4 saat arvokkaimmat ja merkityksellisimm\u00e4t tiedot.<\/p>\n<div class=\"wpforms-container wpforms-container-full wpforms-render-modern\" id=\"wpforms-396\"><form id=\"wpforms-form-396\" class=\"wpforms-validate wpforms-form wpforms-ajax-form\" data-formid=\"396\" method=\"post\" enctype=\"multipart\/form-data\" action=\"\/fi\/wp-json\/wp\/v2\/pages\/697\" data-token=\"7a854e210c27b26108dad75d44f60a7e\" data-token-time=\"1778087734\"><noscript class=\"wpforms-error-noscript\">Please enable JavaScript in your browser to complete this form.<\/noscript><div class=\"wpforms-hidden\" id=\"wpforms-error-noscript\">Please enable JavaScript in your browser to complete this form.<\/div><div class=\"wpforms-field-container\"><div id=\"wpforms-396-field_0-container\" class=\"wpforms-field wpforms-field-name\" data-field-id=\"0\"><label class=\"wpforms-field-label\" for=\"wpforms-396-field_0\">Name <span class=\"wpforms-required-label\" aria-hidden=\"true\">*<\/span><\/label><input type=\"text\" id=\"wpforms-396-field_0\" class=\"wpforms-field-medium wpforms-field-required\" name=\"wpforms[fields][0]\" aria-errormessage=\"wpforms-396-field_0-error\" required><\/div><div id=\"wpforms-396-field_8-container\" class=\"wpforms-field wpforms-field-checkbox\" data-field-id=\"8\"><fieldset><legend class=\"wpforms-field-label\">Why are you contacting us?<\/legend><ul id=\"wpforms-396-field_8\"><li class=\"choice-1 depth-1\"><input type=\"checkbox\" id=\"wpforms-396-field_8_1\" name=\"wpforms[fields][8][]\" value=\"Advertising\" aria-errormessage=\"wpforms-396-field_8_1-error\"  ><label class=\"wpforms-field-label-inline\" for=\"wpforms-396-field_8_1\">Advertising<\/label><\/li><li class=\"choice-2 depth-1\"><input type=\"checkbox\" id=\"wpforms-396-field_8_2\" name=\"wpforms[fields][8][]\" value=\"Tips\" aria-errormessage=\"wpforms-396-field_8_2-error\"  ><label class=\"wpforms-field-label-inline\" for=\"wpforms-396-field_8_2\">Tips<\/label><\/li><li class=\"choice-3 depth-1\"><input type=\"checkbox\" id=\"wpforms-396-field_8_3\" name=\"wpforms[fields][8][]\" value=\"Other\" aria-errormessage=\"wpforms-396-field_8_3-error\"  ><label class=\"wpforms-field-label-inline\" for=\"wpforms-396-field_8_3\">Other<\/label><\/li><\/ul><\/fieldset><\/div><div id=\"wpforms-396-field_7-container\" class=\"wpforms-field wpforms-field-text\" data-field-id=\"7\"><label class=\"wpforms-field-label\" for=\"wpforms-396-field_7\">Your company name<\/label><input type=\"text\" id=\"wpforms-396-field_7\" class=\"wpforms-field-medium\" name=\"wpforms[fields][7]\" aria-errormessage=\"wpforms-396-field_7-error\" ><\/div><div id=\"wpforms-396-field_6-container\" class=\"wpforms-field wpforms-field-email\" data-field-id=\"6\"><label class=\"wpforms-field-label\" for=\"wpforms-396-field_6\">Email  <span class=\"wpforms-required-label\" aria-hidden=\"true\">*<\/span><\/label><input type=\"email\" id=\"wpforms-396-field_6\" class=\"wpforms-field-medium wpforms-field-required\" name=\"wpforms[fields][6]\" spellcheck=\"false\" aria-errormessage=\"wpforms-396-field_6-error\" required><\/div><div id=\"wpforms-396-field_2-container\" class=\"wpforms-field wpforms-field-textarea\" data-field-id=\"2\"><label class=\"wpforms-field-label\" for=\"wpforms-396-field_2\">Your message <span class=\"wpforms-required-label\" aria-hidden=\"true\">*<\/span><\/label><textarea id=\"wpforms-396-field_2\" class=\"wpforms-field-medium wpforms-field-required\" name=\"wpforms[fields][2]\" aria-errormessage=\"wpforms-396-field_2-error\" required><\/textarea><\/div><\/div><!-- .wpforms-field-container --><div class=\"wpforms-submit-container\" ><input type=\"hidden\" name=\"wpforms[id]\" value=\"396\"><input type=\"hidden\" name=\"page_title\" value=\"\"><input type=\"hidden\" name=\"page_url\" value=\"https:\/\/spilleautomater.cc\/fi\/wp-json\/wp\/v2\/pages\/697\"><button type=\"submit\" name=\"wpforms[submit]\" id=\"wpforms-submit-396\" class=\"wpforms-submit\" data-alt-text=\"Sending...\" data-submit-text=\"Send\" aria-live=\"assertive\" value=\"wpforms-submit\">Send<\/button><img loading=\"lazy\" decoding=\"async\" src=\"https:\/\/spilleautomater.cc\/wp-content\/plugins\/wpforms-lite\/assets\/images\/submit-spin.svg\" class=\"wpforms-submit-spinner\" style=\"display: none;\" width=\"26\" height=\"26\" alt=\"Loading\"><\/div><\/form><\/div>  <!-- .wpforms-container -->\n\n<h3 class=\"wp-block-heading\"><strong>Tiimimme<\/strong><\/h3>\n\n<p>Spilleautomater.cc:n takana on pieni mutta omistautunut tiimi, joka koostuu ammattimaisista pelaajista, teknisist\u00e4 neroista ja sis\u00e4ll\u00f6ntuottajista. Ty\u00f6skentelemme v\u00e4sym\u00e4tt\u00e4 varmistaaksemme, ett\u00e4 verkkosivusto p\u00e4ivitet\u00e4\u00e4n jatkuvasti tuoreella sis\u00e4ll\u00f6ll\u00e4, turvallisilla pelialustoilla ja uusimmilla nettikolikkopelien trendeill\u00e4.<\/p>\n\n<h3 class=\"wp-block-heading\"><strong>Visiomme<\/strong><\/h3>\n\n<p>Visiomme on olla luotettavin ja hy\u00f6dyllisin sivusto kasinopelaajille, jotka etsiv\u00e4t tietoa nettikolikkopeleist\u00e4. Pyrimme luomaan yhteis\u00f6n, jossa kaikentasoiset pelaajat voivat kokoontua jakamaan kokemuksia, vinkkej\u00e4 ja strategioita.<\/p>\n\n<h3 class=\"wp-block-heading\"><strong>Lupauksemme<\/strong><\/h3>\n\n<p>Me spilleautomater.cc:ss\u00e4 olemme sitoutuneet yll\u00e4pit\u00e4m\u00e4\u00e4n rehellisyyden ja avoimuuden korkeimpia standardeja. Annamme sinulle kaikki tiedot, joita tarvitset tehdess\u00e4si tietoon perustuvia p\u00e4\u00e4t\u00f6ksi\u00e4 siit\u00e4, miss\u00e4 ja mit\u00e4 pelaat verkossa.<\/p>\n\n<p><\/p>\n","protected":false},"excerpt":{"rendered":"<p>Tervetuloa osoitteeseen spilleautomater.cc &#8211; perimm\u00e4inen opas nettikolikkopeleihin. Ryhm\u00e4 innokkaita kasinopelaajia on perustanut meid\u00e4t, ja tavoitteenamme on jakaa intohimomme ja tiet\u00e4myksemme kolikkopeleist\u00e4 pelaajien kanssa ymp\u00e4ri Norjaa. Meill\u00e4 on vuosien kokemus sek\u00e4 pelaajina ett\u00e4 analyytikkoina kasinoalalta, joten olemme ker\u00e4nneet kaiken tarvittavan tiedon auttaaksemme sinua l\u00f6yt\u00e4m\u00e4\u00e4n parhaat, viihdytt\u00e4vimm\u00e4t ja kannattavimmat kolikkopelit, joita verkossa on saatavilla. Sivustomme on omistettu&hellip;&nbsp;<a href=\"https:\/\/spilleautomater.cc\/fi\/ota-yhteytta\/\" class=\"\" rel=\"bookmark\">Lue lis\u00e4\u00e4 &raquo;<span class=\"screen-reader-text\">Ota yhteytt\u00e4<\/span><\/a><\/p>\n","protected":false},"author":1,"featured_media":486,"parent":0,"menu_order":0,"comment_status":"closed","ping_status":"closed","template":"","meta":{"neve_meta_sidebar":"","neve_meta_container":"","neve_meta_enable_content_width":"","neve_meta_content_width":0,"neve_meta_title_alignment":"","neve_meta_author_avatar":"","neve_post_elements_order":"","neve_meta_disable_header":"","neve_meta_disable_footer":"","neve_meta_disable_title":"","neve_meta_reading_time":"","footnotes":""},"class_list":["post-697","page","type-page","status-publish","has-post-thumbnail","hentry"],"featured_image_urls_v2":{"full":["https:\/\/spilleautomater.cc\/wp-content\/uploads\/2024\/02\/friends-having-fun-while-playing-poker.jpg",1000,668,false],"thumbnail":["https:\/\/spilleautomater.cc\/wp-content\/uploads\/2024\/02\/friends-having-fun-while-playing-poker-150x150.jpg",150,150,true],"medium":["https:\/\/spilleautomater.cc\/wp-content\/uploads\/2024\/02\/friends-having-fun-while-playing-poker-300x200.jpg",300,200,true],"medium_large":["https:\/\/spilleautomater.cc\/wp-content\/uploads\/2024\/02\/friends-having-fun-while-playing-poker-768x513.jpg",768,513,true],"large":["https:\/\/spilleautomater.cc\/wp-content\/uploads\/2024\/02\/friends-having-fun-while-playing-poker.jpg",1000,668,false],"1536x1536":["https:\/\/spilleautomater.cc\/wp-content\/uploads\/2024\/02\/friends-having-fun-while-playing-poker.jpg",1000,668,false],"2048x2048":["https:\/\/spilleautomater.cc\/wp-content\/uploads\/2024\/02\/friends-having-fun-while-playing-poker.jpg",1000,668,false],"neve-blog":["https:\/\/spilleautomater.cc\/wp-content\/uploads\/2024\/02\/friends-having-fun-while-playing-poker-930x620.jpg",930,620,true]},"post_excerpt_stackable_v2":"<p>Tervetuloa osoitteeseen spilleautomater.cc &#8211; perimm\u00e4inen opas nettikolikkopeleihin. Ryhm\u00e4 innokkaita kasinopelaajia on perustanut meid\u00e4t, ja tavoitteenamme on jakaa intohimomme ja tiet\u00e4myksemme kolikkopeleist\u00e4 pelaajien kanssa ymp\u00e4ri Norjaa. Meill\u00e4 on vuosien kokemus sek\u00e4 pelaajina ett\u00e4 analyytikkoina kasinoalalta, joten olemme ker\u00e4nneet kaiken tarvittavan tiedon auttaaksemme sinua l\u00f6yt\u00e4m\u00e4\u00e4n parhaat, viihdytt\u00e4vimm\u00e4t ja kannattavimmat kolikkopelit, joita verkossa on saatavilla. Sivustomme on omistettu tarjoamaan sinulle puolueettomia arvosteluja, perusteellisia pelioppaita ja uusimpia uutisia kasinomaailmasta. Uskomme, ett\u00e4 laatu on t\u00e4rke\u00e4mp\u00e4\u00e4 kuin m\u00e4\u00e4r\u00e4, ja valitsemme tarkkaan tarkastelemamme l\u00e4ht\u00f6- ja saapumisajat varmistaaksemme, ett\u00e4 saat arvokkaimmat ja merkityksellisimm\u00e4t tiedot. Please enable JavaScript in your browser to complete this form.Please enable JavaScript in your&hellip;<\/p>\n","category_list_v2":"","author_info_v2":{"name":"Spilleautomater","url":"https:\/\/spilleautomater.cc\/fi\/author\/spilleautomater\/"},"comments_num_v2":"0 comments","yoast_head":"<!-- This site is optimized with the Yoast SEO plugin v23.0 - https:\/\/yoast.com\/wordpress\/plugins\/seo\/ -->\n<title>Ota yhteytt\u00e4 - Spilleautomater<\/title>\n<meta name=\"robots\" content=\"index, follow, max-snippet:-1, max-image-preview:large, max-video-preview:-1\" \/>\n<link rel=\"canonical\" href=\"https:\/\/spilleautomater.cc\/kontakt-oss\/\" \/>\n<meta property=\"og:locale\" content=\"fi_FI\" \/>\n<meta property=\"og:type\" content=\"article\" \/>\n<meta property=\"og:title\" content=\"Ota yhteytt\u00e4 - Spilleautomater\" \/>\n<meta property=\"og:description\" content=\"Tervetuloa osoitteeseen spilleautomater.cc &#8211; perimm\u00e4inen opas nettikolikkopeleihin. Ryhm\u00e4 innokkaita kasinopelaajia on perustanut meid\u00e4t, ja tavoitteenamme on jakaa intohimomme ja tiet\u00e4myksemme kolikkopeleist\u00e4 pelaajien kanssa ymp\u00e4ri Norjaa. Meill\u00e4 on vuosien kokemus sek\u00e4 pelaajina ett\u00e4 analyytikkoina kasinoalalta, joten olemme ker\u00e4nneet kaiken tarvittavan tiedon auttaaksemme sinua l\u00f6yt\u00e4m\u00e4\u00e4n parhaat, viihdytt\u00e4vimm\u00e4t ja kannattavimmat kolikkopelit, joita verkossa on saatavilla. Sivustomme on omistettu&hellip;&nbsp;Lue lis\u00e4\u00e4 &raquo;Ota yhteytt\u00e4\" \/>\n<meta property=\"og:url\" content=\"https:\/\/spilleautomater.cc\/kontakt-oss\/\" \/>\n<meta property=\"og:site_name\" content=\"Spilleautomater\" \/>\n<meta property=\"article:modified_time\" content=\"2024-02-26T10:08:24+00:00\" \/>\n<meta property=\"og:image\" content=\"https:\/\/spilleautomater.cc\/wp-content\/uploads\/2024\/02\/friends-having-fun-while-playing-poker.jpg\" \/>\n\t<meta property=\"og:image:width\" content=\"1000\" \/>\n\t<meta property=\"og:image:height\" content=\"668\" \/>\n\t<meta property=\"og:image:type\" content=\"image\/jpeg\" \/>\n<meta name=\"twitter:card\" content=\"summary_large_image\" \/>\n<meta name=\"twitter:label1\" content=\"Arvioitu lukuaika\" \/>\n\t<meta name=\"twitter:data1\" content=\"1 minuutti\" \/>\n<script type=\"application\/ld+json\" class=\"yoast-schema-graph\">{\"@context\":\"https:\/\/schema.org\",\"@graph\":[{\"@type\":\"WebPage\",\"@id\":\"https:\/\/spilleautomater.cc\/kontakt-oss\/\",\"url\":\"https:\/\/spilleautomater.cc\/kontakt-oss\/\",\"name\":\"Ota yhteytt\u00e4 - Spilleautomater\",\"isPartOf\":{\"@id\":\"https:\/\/spilleautomater.cc\/#website\"},\"primaryImageOfPage\":{\"@id\":\"https:\/\/spilleautomater.cc\/kontakt-oss\/#primaryimage\"},\"image\":{\"@id\":\"https:\/\/spilleautomater.cc\/kontakt-oss\/#primaryimage\"},\"thumbnailUrl\":\"https:\/\/spilleautomater.cc\/wp-content\/uploads\/2024\/02\/friends-having-fun-while-playing-poker.jpg\",\"datePublished\":\"2024-02-21T11:53:56+00:00\",\"dateModified\":\"2024-02-26T10:08:24+00:00\",\"breadcrumb\":{\"@id\":\"https:\/\/spilleautomater.cc\/kontakt-oss\/#breadcrumb\"},\"inLanguage\":\"fi\",\"potentialAction\":[{\"@type\":\"ReadAction\",\"target\":[\"https:\/\/spilleautomater.cc\/kontakt-oss\/\"]}]},{\"@type\":\"ImageObject\",\"inLanguage\":\"fi\",\"@id\":\"https:\/\/spilleautomater.cc\/kontakt-oss\/#primaryimage\",\"url\":\"https:\/\/spilleautomater.cc\/wp-content\/uploads\/2024\/02\/friends-having-fun-while-playing-poker.jpg\",\"contentUrl\":\"https:\/\/spilleautomater.cc\/wp-content\/uploads\/2024\/02\/friends-having-fun-while-playing-poker.jpg\",\"width\":1000,\"height\":668},{\"@type\":\"BreadcrumbList\",\"@id\":\"https:\/\/spilleautomater.cc\/kontakt-oss\/#breadcrumb\",\"itemListElement\":[{\"@type\":\"ListItem\",\"position\":1,\"name\":\"Hjem\",\"item\":\"https:\/\/spilleautomater.cc\/\"},{\"@type\":\"ListItem\",\"position\":2,\"name\":\"Ota yhteytt\u00e4\"}]},{\"@type\":\"WebSite\",\"@id\":\"https:\/\/spilleautomater.cc\/#website\",\"url\":\"https:\/\/spilleautomater.cc\/\",\"name\":\"Spilleautomater\",\"description\":\"\",\"potentialAction\":[{\"@type\":\"SearchAction\",\"target\":{\"@type\":\"EntryPoint\",\"urlTemplate\":\"https:\/\/spilleautomater.cc\/?s={search_term_string}\"},\"query-input\":\"required name=search_term_string\"}],\"inLanguage\":\"fi\"}]}<\/script>\n<!-- \/ Yoast SEO plugin. -->","yoast_head_json":{"title":"Ota yhteytt\u00e4 - Spilleautomater","robots":{"index":"index","follow":"follow","max-snippet":"max-snippet:-1","max-image-preview":"max-image-preview:large","max-video-preview":"max-video-preview:-1"},"canonical":"https:\/\/spilleautomater.cc\/kontakt-oss\/","og_locale":"fi_FI","og_type":"article","og_title":"Ota yhteytt\u00e4 - Spilleautomater","og_description":"Tervetuloa osoitteeseen spilleautomater.cc &#8211; perimm\u00e4inen opas nettikolikkopeleihin. Ryhm\u00e4 innokkaita kasinopelaajia on perustanut meid\u00e4t, ja tavoitteenamme on jakaa intohimomme ja tiet\u00e4myksemme kolikkopeleist\u00e4 pelaajien kanssa ymp\u00e4ri Norjaa. Meill\u00e4 on vuosien kokemus sek\u00e4 pelaajina ett\u00e4 analyytikkoina kasinoalalta, joten olemme ker\u00e4nneet kaiken tarvittavan tiedon auttaaksemme sinua l\u00f6yt\u00e4m\u00e4\u00e4n parhaat, viihdytt\u00e4vimm\u00e4t ja kannattavimmat kolikkopelit, joita verkossa on saatavilla. Sivustomme on omistettu&hellip;&nbsp;Lue lis\u00e4\u00e4 &raquo;Ota yhteytt\u00e4","og_url":"https:\/\/spilleautomater.cc\/kontakt-oss\/","og_site_name":"Spilleautomater","article_modified_time":"2024-02-26T10:08:24+00:00","og_image":[{"width":1000,"height":668,"url":"https:\/\/spilleautomater.cc\/wp-content\/uploads\/2024\/02\/friends-having-fun-while-playing-poker.jpg","type":"image\/jpeg"}],"twitter_card":"summary_large_image","twitter_misc":{"Arvioitu lukuaika":"1 minuutti"},"schema":{"@context":"https:\/\/schema.org","@graph":[{"@type":"WebPage","@id":"https:\/\/spilleautomater.cc\/kontakt-oss\/","url":"https:\/\/spilleautomater.cc\/kontakt-oss\/","name":"Ota yhteytt\u00e4 - Spilleautomater","isPartOf":{"@id":"https:\/\/spilleautomater.cc\/#website"},"primaryImageOfPage":{"@id":"https:\/\/spilleautomater.cc\/kontakt-oss\/#primaryimage"},"image":{"@id":"https:\/\/spilleautomater.cc\/kontakt-oss\/#primaryimage"},"thumbnailUrl":"https:\/\/spilleautomater.cc\/wp-content\/uploads\/2024\/02\/friends-having-fun-while-playing-poker.jpg","datePublished":"2024-02-21T11:53:56+00:00","dateModified":"2024-02-26T10:08:24+00:00","breadcrumb":{"@id":"https:\/\/spilleautomater.cc\/kontakt-oss\/#breadcrumb"},"inLanguage":"fi","potentialAction":[{"@type":"ReadAction","target":["https:\/\/spilleautomater.cc\/kontakt-oss\/"]}]},{"@type":"ImageObject","inLanguage":"fi","@id":"https:\/\/spilleautomater.cc\/kontakt-oss\/#primaryimage","url":"https:\/\/spilleautomater.cc\/wp-content\/uploads\/2024\/02\/friends-having-fun-while-playing-poker.jpg","contentUrl":"https:\/\/spilleautomater.cc\/wp-content\/uploads\/2024\/02\/friends-having-fun-while-playing-poker.jpg","width":1000,"height":668},{"@type":"BreadcrumbList","@id":"https:\/\/spilleautomater.cc\/kontakt-oss\/#breadcrumb","itemListElement":[{"@type":"ListItem","position":1,"name":"Hjem","item":"https:\/\/spilleautomater.cc\/"},{"@type":"ListItem","position":2,"name":"Ota yhteytt\u00e4"}]},{"@type":"WebSite","@id":"https:\/\/spilleautomater.cc\/#website","url":"https:\/\/spilleautomater.cc\/","name":"Spilleautomater","description":"","potentialAction":[{"@type":"SearchAction","target":{"@type":"EntryPoint","urlTemplate":"https:\/\/spilleautomater.cc\/?s={search_term_string}"},"query-input":"required name=search_term_string"}],"inLanguage":"fi"}]}},"_links":{"self":[{"href":"https:\/\/spilleautomater.cc\/fi\/wp-json\/wp\/v2\/pages\/697","targetHints":{"allow":["GET"]}}],"collection":[{"href":"https:\/\/spilleautomater.cc\/fi\/wp-json\/wp\/v2\/pages"}],"about":[{"href":"https:\/\/spilleautomater.cc\/fi\/wp-json\/wp\/v2\/types\/page"}],"author":[{"embeddable":true,"href":"https:\/\/spilleautomater.cc\/fi\/wp-json\/wp\/v2\/users\/1"}],"replies":[{"embeddable":true,"href":"https:\/\/spilleautomater.cc\/fi\/wp-json\/wp\/v2\/comments?post=697"}],"version-history":[{"count":1,"href":"https:\/\/spilleautomater.cc\/fi\/wp-json\/wp\/v2\/pages\/697\/revisions"}],"predecessor-version":[{"id":699,"href":"https:\/\/spilleautomater.cc\/fi\/wp-json\/wp\/v2\/pages\/697\/revisions\/699"}],"wp:featuredmedia":[{"embeddable":true,"href":"https:\/\/spilleautomater.cc\/fi\/wp-json\/wp\/v2\/media\/486"}],"wp:attachment":[{"href":"https:\/\/spilleautomater.cc\/fi\/wp-json\/wp\/v2\/media?parent=697"}],"curies":[{"name":"wp","href":"https:\/\/api.w.org\/{rel}","templated":true}]}}